{"id":731,"date":"2022-05-20T06:18:09","date_gmt":"2022-05-20T06:18:09","guid":{"rendered":"https:\/\/www.atalaya.eu\/actualidad\/?page_id=731"},"modified":"2023-05-09T08:44:57","modified_gmt":"2023-05-09T08:44:57","slug":"dossier","status":"publish","type":"page","link":"https:\/\/www.atalaya.eu\/actualidad\/dossier\/","title":{"rendered":"Dossier"},"content":{"rendered":"<h1 class=\"borde\">Dossier<\/h1>\n\n\n<div data-wp-interactive=\"core\/file\" class=\"wp-block-file\"><object data-wp-bind--hidden=\"!state.hasPdfPreview\" hidden class=\"wp-block-file__embed\" data=\"https:\/\/www.atalaya.eu\/actualidad\/wp-content\/uploads\/2023\/05\/Dossier-de-Prensa-Atalaya-2023_.pdf\" type=\"application\/pdf\" style=\"width:100%;height:600px\" aria-label=\"Incrustado de Dossier de Prensa Atalaya 2023_.\"><\/object><a id=\"wp-block-file--media-29726bf6-58b8-4ec5-9659-9c2ce5a927e4\" href=\"https:\/\/www.atalaya.eu\/actualidad\/wp-content\/uploads\/2023\/05\/Dossier-de-Prensa-Atalaya-2023_.pdf\">Dossier de Prensa Atalaya 2023_<\/a><\/div>\n\n\n\n<div class=\"wp-block-buttons is-content-justification-center is-layout-flex wp-container-core-buttons-is-layout-16018d1d wp-block-buttons-is-layout-flex\">\n<div class=\"wp-block-button\"><a class=\"wp-block-button__link wp-element-button\" href=\"https:\/\/www.atalaya.eu\/actualidad\/wp-content\/uploads\/2023\/05\/Dossier-de-Prensa-Atalaya-2023_.pdf\">Descargar Dossier de Prensa Atalaya<\/a><\/div>\n<\/div>\n","protected":false},"excerpt":{"rendered":"<p>Dossier<\/p>\n","protected":false},"author":1,"featured_media":19,"parent":0,"menu_order":0,"comment_status":"closed","ping_status":"closed","template":"","meta":{"inline_featured_image":false,"site-sidebar-layout":"no-sidebar","site-content-layout":"default","ast-main-header-display":"","ast-hfb-above-header-display":"","ast-hfb-below-header-display":"","ast-hfb-mobile-header-display":"","site-post-title":"disabled","ast-breadcrumbs-content":"disabled","ast-featured-img":"disabled","footer-sml-layout":"","theme-transparent-header-meta":"default","adv-header-id-meta":"","stick-header-meta":"","header-above-stick-meta":"","header-main-stick-meta":"","header-below-stick-meta":"","footnotes":""},"class_list":["post-731","page","type-page","status-publish","has-post-thumbnail","hentry"],"yoast_head":"<!-- This site is optimized with the Yoast SEO plugin v18.5.1 - https:\/\/yoast.com\/wordpress\/plugins\/seo\/ -->\n<title>Dossier - ATALAYA Generaci\u00f3n E\u00f3lica<\/title>\n<meta name=\"robots\" content=\"index, follow, max-snippet:-1, max-image-preview:large, max-video-preview:-1\" \/>\n<link rel=\"canonical\" href=\"https:\/\/www.atalaya.eu\/actualidad\/dossier\/\" \/>\n<meta property=\"og:locale\" content=\"es_ES\" \/>\n<meta property=\"og:type\" content=\"article\" \/>\n<meta property=\"og:title\" content=\"Dossier - ATALAYA Generaci\u00f3n E\u00f3lica\" \/>\n<meta property=\"og:description\" content=\"Dossier\" \/>\n<meta property=\"og:url\" content=\"https:\/\/www.atalaya.eu\/actualidad\/dossier\/\" \/>\n<meta property=\"og:site_name\" content=\"ATALAYA Generaci\u00f3n E\u00f3lica\" \/>\n<meta property=\"article:modified_time\" content=\"2023-05-09T08:44:57+00:00\" \/>\n<meta property=\"og:image\" content=\"https:\/\/www.atalaya.eu\/actualidad\/wp-content\/uploads\/2022\/04\/logo-atalaya.png\" \/>\n\t<meta property=\"og:image:width\" content=\"200\" \/>\n\t<meta property=\"og:image:height\" content=\"115\" \/>\n\t<meta property=\"og:image:type\" content=\"image\/png\" \/>\n<meta name=\"twitter:card\" content=\"summary_large_image\" \/>\n<meta name=\"twitter:label1\" content=\"Tiempo de lectura\" \/>\n\t<meta name=\"twitter:data1\" content=\"1 minuto\" \/>\n<script type=\"application\/ld+json\" class=\"yoast-schema-graph\">{\"@context\":\"https:\/\/schema.org\",\"@graph\":[{\"@type\":\"WebSite\",\"@id\":\"https:\/\/www.atalaya.eu\/actualidad\/#website\",\"url\":\"https:\/\/www.atalaya.eu\/actualidad\/\",\"name\":\"ATALAYA Generaci\u00f3n E\u00f3lica\",\"description\":\"ATALAYA Generaci\u00f3n E\u00f3lica\",\"potentialAction\":[{\"@type\":\"SearchAction\",\"target\":{\"@type\":\"EntryPoint\",\"urlTemplate\":\"https:\/\/www.atalaya.eu\/actualidad\/?s={search_term_string}\"},\"query-input\":\"required name=search_term_string\"}],\"inLanguage\":\"es\"},{\"@type\":\"ImageObject\",\"@id\":\"https:\/\/www.atalaya.eu\/actualidad\/dossier\/#primaryimage\",\"inLanguage\":\"es\",\"url\":\"https:\/\/www.atalaya.eu\/actualidad\/wp-content\/uploads\/2022\/04\/logo-atalaya.png\",\"contentUrl\":\"https:\/\/www.atalaya.eu\/actualidad\/wp-content\/uploads\/2022\/04\/logo-atalaya.png\",\"width\":200,\"height\":115},{\"@type\":\"WebPage\",\"@id\":\"https:\/\/www.atalaya.eu\/actualidad\/dossier\/#webpage\",\"url\":\"https:\/\/www.atalaya.eu\/actualidad\/dossier\/\",\"name\":\"Dossier - ATALAYA Generaci\u00f3n E\u00f3lica\",\"isPartOf\":{\"@id\":\"https:\/\/www.atalaya.eu\/actualidad\/#website\"},\"primaryImageOfPage\":{\"@id\":\"https:\/\/www.atalaya.eu\/actualidad\/dossier\/#primaryimage\"},\"datePublished\":\"2022-05-20T06:18:09+00:00\",\"dateModified\":\"2023-05-09T08:44:57+00:00\",\"breadcrumb\":{\"@id\":\"https:\/\/www.atalaya.eu\/actualidad\/dossier\/#breadcrumb\"},\"inLanguage\":\"es\",\"potentialAction\":[{\"@type\":\"ReadAction\",\"target\":[\"https:\/\/www.atalaya.eu\/actualidad\/dossier\/\"]}]},{\"@type\":\"BreadcrumbList\",\"@id\":\"https:\/\/www.atalaya.eu\/actualidad\/dossier\/#breadcrumb\",\"itemListElement\":[{\"@type\":\"ListItem\",\"position\":1,\"name\":\"Portada\",\"item\":\"https:\/\/www.atalaya.eu\/actualidad\/\"},{\"@type\":\"ListItem\",\"position\":2,\"name\":\"Dossier\"}]}]}<\/script>\n<!-- \/ Yoast SEO plugin. -->","yoast_head_json":{"title":"Dossier - ATALAYA Generaci\u00f3n E\u00f3lica","robots":{"index":"index","follow":"follow","max-snippet":"max-snippet:-1","max-image-preview":"max-image-preview:large","max-video-preview":"max-video-preview:-1"},"canonical":"https:\/\/www.atalaya.eu\/actualidad\/dossier\/","og_locale":"es_ES","og_type":"article","og_title":"Dossier - ATALAYA Generaci\u00f3n E\u00f3lica","og_description":"Dossier","og_url":"https:\/\/www.atalaya.eu\/actualidad\/dossier\/","og_site_name":"ATALAYA Generaci\u00f3n E\u00f3lica","article_modified_time":"2023-05-09T08:44:57+00:00","og_image":[{"width":200,"height":115,"url":"https:\/\/www.atalaya.eu\/actualidad\/wp-content\/uploads\/2022\/04\/logo-atalaya.png","type":"image\/png"}],"twitter_card":"summary_large_image","twitter_misc":{"Tiempo de lectura":"1 minuto"},"schema":{"@context":"https:\/\/schema.org","@graph":[{"@type":"WebSite","@id":"https:\/\/www.atalaya.eu\/actualidad\/#website","url":"https:\/\/www.atalaya.eu\/actualidad\/","name":"ATALAYA Generaci\u00f3n E\u00f3lica","description":"ATALAYA Generaci\u00f3n E\u00f3lica","potentialAction":[{"@type":"SearchAction","target":{"@type":"EntryPoint","urlTemplate":"https:\/\/www.atalaya.eu\/actualidad\/?s={search_term_string}"},"query-input":"required name=search_term_string"}],"inLanguage":"es"},{"@type":"ImageObject","@id":"https:\/\/www.atalaya.eu\/actualidad\/dossier\/#primaryimage","inLanguage":"es","url":"https:\/\/www.atalaya.eu\/actualidad\/wp-content\/uploads\/2022\/04\/logo-atalaya.png","contentUrl":"https:\/\/www.atalaya.eu\/actualidad\/wp-content\/uploads\/2022\/04\/logo-atalaya.png","width":200,"height":115},{"@type":"WebPage","@id":"https:\/\/www.atalaya.eu\/actualidad\/dossier\/#webpage","url":"https:\/\/www.atalaya.eu\/actualidad\/dossier\/","name":"Dossier - ATALAYA Generaci\u00f3n E\u00f3lica","isPartOf":{"@id":"https:\/\/www.atalaya.eu\/actualidad\/#website"},"primaryImageOfPage":{"@id":"https:\/\/www.atalaya.eu\/actualidad\/dossier\/#primaryimage"},"datePublished":"2022-05-20T06:18:09+00:00","dateModified":"2023-05-09T08:44:57+00:00","breadcrumb":{"@id":"https:\/\/www.atalaya.eu\/actualidad\/dossier\/#breadcrumb"},"inLanguage":"es","potentialAction":[{"@type":"ReadAction","target":["https:\/\/www.atalaya.eu\/actualidad\/dossier\/"]}]},{"@type":"BreadcrumbList","@id":"https:\/\/www.atalaya.eu\/actualidad\/dossier\/#breadcrumb","itemListElement":[{"@type":"ListItem","position":1,"name":"Portada","item":"https:\/\/www.atalaya.eu\/actualidad\/"},{"@type":"ListItem","position":2,"name":"Dossier"}]}]}},"_links":{"self":[{"href":"https:\/\/www.atalaya.eu\/actualidad\/wp-json\/wp\/v2\/pages\/731","targetHints":{"allow":["GET"]}}],"collection":[{"href":"https:\/\/www.atalaya.eu\/actualidad\/wp-json\/wp\/v2\/pages"}],"about":[{"href":"https:\/\/www.atalaya.eu\/actualidad\/wp-json\/wp\/v2\/types\/page"}],"author":[{"embeddable":true,"href":"https:\/\/www.atalaya.eu\/actualidad\/wp-json\/wp\/v2\/users\/1"}],"replies":[{"embeddable":true,"href":"https:\/\/www.atalaya.eu\/actualidad\/wp-json\/wp\/v2\/comments?post=731"}],"version-history":[{"count":5,"href":"https:\/\/www.atalaya.eu\/actualidad\/wp-json\/wp\/v2\/pages\/731\/revisions"}],"predecessor-version":[{"id":888,"href":"https:\/\/www.atalaya.eu\/actualidad\/wp-json\/wp\/v2\/pages\/731\/revisions\/888"}],"wp:featuredmedia":[{"embeddable":true,"href":"https:\/\/www.atalaya.eu\/actualidad\/wp-json\/wp\/v2\/media\/19"}],"wp:attachment":[{"href":"https:\/\/www.atalaya.eu\/actualidad\/wp-json\/wp\/v2\/media?parent=731"}],"curies":[{"name":"wp","href":"https:\/\/api.w.org\/{rel}","templated":true}]}}